{"id":163635,"date":"2020-07-07T16:04:02","date_gmt":"2020-07-07T16:04:02","guid":{"rendered":"https:\/\/2020.internetfestival.it\/?page_id=163635"},"modified":"2020-09-10T15:01:35","modified_gmt":"2020-09-10T15:01:35","slug":"sedi","status":"publish","type":"page","link":"https:\/\/2020.internetfestival.it\/en\/sedi\/","title":{"rendered":"Venues"},"content":{"rendered":"<div class=\"generate-columns-container custom_tax_page\" style=\"position: relative; height: auto;\"><article id=\"post-15\" class=\"letter-B post-15 post-slug-centro-congressi-le-benedettine tax-row programma type-programma programma-tax status-publish format-standard generate-columns tablet-grid-50 mobile-grid-100 grid-parent grid-33\" itemtype=\"https:\/\/schema.org\/CreativeWork\" itemscope=\"\" style=\"position: relative; left: 0%; top: 0px;\">\n        <div class=\"inside-article\">\n        <div class=\"post-image\">\n\n        <a href=\"https:\/\/2020.internetfestival.it\/en\/sedi\/centro-congressi-le-benedettine\/\">\n        <img width=\"500\" height=\"375\" src=\"https:\/\/2020.internetfestival.it\/wp-content\/uploads\/2020\/08\/residence-le-benedettine-1-500x375.jpg\" alt=\"Centro Congressi Le Benedettine\" class=\"attachment-if_large size-if_large wp-post-image\" itemprop=\"image\">\n        <\/a>\n\n        <\/div>\n        <header class=\"entry-header\">\n        <h2 class=\"entry-title\" itemprop=\"headline\">\n        <a href=\"https:\/\/2020.internetfestival.it\/en\/sedi\/centro-congressi-le-benedettine\/\" rel=\"bookmark\">Centro Congressi Le Benedettine<\/a>\n        <\/h2>\n        <\/header><!-- .entry-header -->\n\n\n        <div class=\"entry-summary\" itemprop=\"text\">\n        <p class=\"cus_taxo_desc\">Il Monastero di S. Benedetto, edificato nel 1393 e la cui facciata dalle finestre in stile gotico fiammeggiante caratterizza il lungarno Sonnino di Pisa, riapre i suoi spazi all\u2019ed. 2018 di Internet Festival. Il complesso delle Benedettine, chiuso al culto ...<\/p>\n        <\/div><!-- .entry-summary -->\n\n        <br>\n        <p class=\"read-more-container\">\n        <a title=\"Centro Congressi Le Benedettine\" class=\"read-more button\" href=\"https:\/\/2020.internetfestival.it\/en\/sedi\/centro-congressi-le-benedettine\/\">\n        Leggi tutto\n        <\/a>\n        <\/p>\n\n        <\/div><!-- .inside-article -->\n        <\/article><article id=\"post-81\" class=\"letter-A post-81 post-slug-arsenale-cinema tax-row programma type-programma programma-tax status-publish format-standard generate-columns tablet-grid-50 mobile-grid-100 grid-parent grid-33\" itemtype=\"https:\/\/schema.org\/CreativeWork\" itemscope=\"\" style=\"position: relative; left: 0%; top: 0px;\">\n        <div class=\"inside-article\">\n        <div class=\"post-image\">\n\n        <a href=\"https:\/\/2020.internetfestival.it\/en\/sedi\/arsenale-cinema\/\">\n        <img width=\"500\" height=\"375\" src=\"https:\/\/2020.internetfestival.it\/wp-content\/uploads\/2020\/09\/DSC_0614b-500x375.jpg\" alt=\"Cinema Arsenale\" class=\"attachment-if_large size-if_large wp-post-image\" itemprop=\"image\">\n        <\/a>\n\n        <\/div>\n        <header class=\"entry-header\">\n        <h2 class=\"entry-title\" itemprop=\"headline\">\n        <a href=\"https:\/\/2020.internetfestival.it\/en\/sedi\/arsenale-cinema\/\" rel=\"bookmark\">Cinema Arsenale<\/a>\n        <\/h2>\n        <\/header><!-- .entry-header -->\n\n\n        <div class=\"entry-summary\" itemprop=\"text\">\n        <p class=\"cus_taxo_desc\">Aperto il 20 gennaio 1982 nel centro storico di Pisa, il Cineclub Arsenale \u00e8 stato da sempre concepito come un luogo dove fosse possibile proiettare quel cinema impossibile da vedere nelle sale di prima visione. Insignito, nel 2014, del Premio ...<\/p>\n        <\/div><!-- .entry-summary -->\n\n        <br>\n        <p class=\"read-more-container\">\n        <a title=\"Cinema Arsenale\" class=\"read-more button\" href=\"https:\/\/2020.internetfestival.it\/en\/sedi\/arsenale-cinema\/\">\n        Leggi tutto\n        <\/a>\n        <\/p>\n\n        <\/div><!-- .inside-article -->\n        <\/article><article id=\"post-99\" class=\"letter-A post-99 post-slug-italia-3d-academy tax-row programma type-programma programma-tax status-publish format-standard generate-columns tablet-grid-50 mobile-grid-100 grid-parent grid-33\" itemtype=\"https:\/\/schema.org\/CreativeWork\" itemscope=\"\" style=\"position: relative; left: 0%; top: 0px;\">\n        <div class=\"inside-article\">\n        <div class=\"post-image\">\n\n        <a href=\"https:\/\/2020.internetfestival.it\/en\/sedi\/italia-3d-academy\/\">\n        <img width=\"500\" height=\"375\" src=\"https:\/\/2020.internetfestival.it\/wp-content\/uploads\/2020\/08\/3d-500x375.jpg\" alt=\"Italia 3D Academy\" class=\"attachment-if_large size-if_large wp-post-image\" itemprop=\"image\">\n        <\/a>\n\n        <\/div>\n        <header class=\"entry-header\">\n        <h2 class=\"entry-title\" itemprop=\"headline\">\n        <a href=\"https:\/\/2020.internetfestival.it\/en\/sedi\/italia-3d-academy\/\" rel=\"bookmark\">Italia 3D Academy<\/a>\n        <\/h2>\n        <\/header><!-- .entry-header -->\n\n\n        <div class=\"entry-summary\" itemprop=\"text\">\n        <p class=\"cus_taxo_desc\">Italia 3D Academy si trova nel cuore del centro storico di Pisa, in un edificio storico di prestigio, immerso nel verde e nel silenzio. Tutte le aule sono ricavate da ambienti storici restaurati, che ispirano gli allievi perch\u00e8 sono immersi ...<\/p>\n        <\/div><!-- .entry-summary -->\n\n        <br>\n        <p class=\"read-more-container\">\n        <a title=\"Italia 3D Academy\" class=\"read-more button\" href=\"https:\/\/2020.internetfestival.it\/en\/sedi\/italia-3d-academy\/\">\n        Leggi tutto\n        <\/a>\n        <\/p>\n\n        <\/div><!-- .inside-article -->\n        <\/article><article id=\"post-91\" class=\"letter-G post-91 post-slug-libreria-ghibellina tax-row programma type-programma programma-tax status-publish format-standard generate-columns tablet-grid-50 mobile-grid-100 grid-parent grid-33\" itemtype=\"https:\/\/schema.org\/CreativeWork\" itemscope=\"\" style=\"position: relative; left: 0%; top: 0px;\">\n        <div class=\"inside-article\">\n        <div class=\"post-image\">\n\n        <a href=\"https:\/\/2020.internetfestival.it\/en\/sedi\/libreria-ghibellina\/\">\n        <img width=\"500\" height=\"375\" src=\"https:\/\/2020.internetfestival.it\/wp-content\/uploads\/2020\/08\/pisa-libreria-ghibellina-500x375.jpg\" alt=\"Libreria Ghibellina\" class=\"attachment-if_large size-if_large wp-post-image\" itemprop=\"image\">\n        <\/a>\n\n        <\/div>\n        <header class=\"entry-header\">\n        <h2 class=\"entry-title\" itemprop=\"headline\">\n        <a href=\"https:\/\/2020.internetfestival.it\/en\/sedi\/libreria-ghibellina\/\" rel=\"bookmark\">Libreria Ghibellina<\/a>\n        <\/h2>\n        <\/header><!-- .entry-header -->\n\n\n        <div class=\"entry-summary\" itemprop=\"text\">\n        <p class=\"cus_taxo_desc\">Libreria storica del centro di Pisa, dal 2013 \u00e8 stata rilevata da due ex libraie di catena proprio per impedirne la chiusura. Oltre alla posizione privilegiata nel borgo della citt\u00e0, sotto un loggiato che permette di effettuare dei bellissimi incontri ...<\/p>\n        <\/div><!-- .entry-summary -->\n\n        <br>\n        <p class=\"read-more-container\">\n        <a title=\"Libreria Ghibellina\" class=\"read-more button\" href=\"https:\/\/2020.internetfestival.it\/en\/sedi\/libreria-ghibellina\/\">\n        Leggi tutto\n        <\/a>\n        <\/p>\n\n        <\/div><!-- .inside-article -->\n        <\/article><article id=\"post-94\" class=\"letter-T post-94 post-slug-libreria-gli-anni-in-tasca tax-row programma type-programma programma-tax status-publish format-standard generate-columns tablet-grid-50 mobile-grid-100 grid-parent grid-33\" itemtype=\"https:\/\/schema.org\/CreativeWork\" itemscope=\"\" style=\"position: relative; left: 0%; top: 0px;\">\n        <div class=\"inside-article\">\n        <div class=\"post-image\">\n\n        <a href=\"https:\/\/2020.internetfestival.it\/en\/sedi\/libreria-gli-anni-in-tasca\/\">\n        <img width=\"500\" height=\"375\" src=\"https:\/\/2020.internetfestival.it\/wp-content\/uploads\/2020\/08\/anni-in-tasca-500x375.jpg\" alt=\"Libreria Gli Anni in Tasca\" class=\"attachment-if_large size-if_large wp-post-image\" itemprop=\"image\">\n        <\/a>\n\n        <\/div>\n        <header class=\"entry-header\">\n        <h2 class=\"entry-title\" itemprop=\"headline\">\n        <a href=\"https:\/\/2020.internetfestival.it\/en\/sedi\/libreria-gli-anni-in-tasca\/\" rel=\"bookmark\">Libreria Gli Anni in Tasca<\/a>\n        <\/h2>\n        <\/header><!-- .entry-header -->\n\n\n        <div class=\"entry-summary\" itemprop=\"text\">\n        <p class=\"cus_taxo_desc\">Sul Lungarno Pacinotti, tra l\u2019Arno e il Centro Storico di Pisa, c\u2019\u00e8 una libreria per ragazzi. Gli Anni in Tasca per\u00f2 non \u00e8 una semplice libreria: \u00e8 una stanza da cui bambini e bambine, ragazzi e ragazze e, perch\u00e9 no, ...<\/p>\n        <\/div><!-- .entry-summary -->\n\n        <br>\n        <p class=\"read-more-container\">\n        <a title=\"Libreria Gli Anni in Tasca\" class=\"read-more button\" href=\"https:\/\/2020.internetfestival.it\/en\/sedi\/libreria-gli-anni-in-tasca\/\">\n        Leggi tutto\n        <\/a>\n        <\/p>\n\n        <\/div><!-- .inside-article -->\n        <\/article><article id=\"post-82\" class=\"letter-B post-82 post-slug-logge-dei-banchi tax-row programma type-programma programma-tax status-publish format-standard generate-columns tablet-grid-50 mobile-grid-100 grid-parent grid-33\" itemtype=\"https:\/\/schema.org\/CreativeWork\" itemscope=\"\" style=\"position: relative; left: 0%; top: 0px;\">\n        <div class=\"inside-article\">\n        <div class=\"post-image\">\n\n        <a href=\"https:\/\/2020.internetfestival.it\/en\/sedi\/logge-dei-banchi\/\">\n        <img width=\"500\" height=\"375\" src=\"https:\/\/2020.internetfestival.it\/wp-content\/uploads\/2020\/08\/041_logge_banchi-2-500x375.jpg\" alt=\"Logge dei Banchi\" class=\"attachment-if_large size-if_large wp-post-image\" itemprop=\"image\">\n        <\/a>\n\n        <\/div>\n        <header class=\"entry-header\">\n        <h2 class=\"entry-title\" itemprop=\"headline\">\n        <a href=\"https:\/\/2020.internetfestival.it\/en\/sedi\/logge-dei-banchi\/\" rel=\"bookmark\">Logge dei Banchi<\/a>\n        <\/h2>\n        <\/header><!-- .entry-header -->\n\n\n        <div class=\"entry-summary\" itemprop=\"text\">\n        <p class=\"cus_taxo_desc\">Le Logge dei Banchi sono un loggiato di Pisa che si trova all\u2019imbocco del ponte di Mezzo nella met\u00e0 sud del centro cittadino. Il loggiato, sorretto da dodici pilastri, fu edificato tra il 1603 ed il 1605 su progetto dell\u2019architetto ...<\/p>\n        <\/div><!-- .entry-summary -->\n\n        <br>\n        <p class=\"read-more-container\">\n        <a title=\"Logge dei Banchi\" class=\"read-more button\" href=\"https:\/\/2020.internetfestival.it\/en\/sedi\/logge-dei-banchi\/\">\n        Leggi tutto\n        <\/a>\n        <\/p>\n\n        <\/div><!-- .inside-article -->\n        <\/article><article id=\"post-85\" class=\"letter-L post-85 post-slug-lumiere tax-row programma type-programma programma-tax status-publish format-standard generate-columns tablet-grid-50 mobile-grid-100 grid-parent grid-33\" itemtype=\"https:\/\/schema.org\/CreativeWork\" itemscope=\"\" style=\"position: relative; left: 0%; top: 0px;\">\n        <div class=\"inside-article\">\n        <div class=\"post-image\">\n\n        <a href=\"https:\/\/2020.internetfestival.it\/en\/sedi\/lumiere\/\">\n        <img width=\"500\" height=\"375\" src=\"https:\/\/2020.internetfestival.it\/wp-content\/uploads\/2020\/08\/lumiere-1-500x375.jpg\" alt=\"Lumi\u00e8re\" class=\"attachment-if_large size-if_large wp-post-image\" itemprop=\"image\">\n        <\/a>\n\n        <\/div>\n        <header class=\"entry-header\">\n        <h2 class=\"entry-title\" itemprop=\"headline\">\n        <a href=\"https:\/\/2020.internetfestival.it\/en\/sedi\/lumiere\/\" rel=\"bookmark\">Lumi\u00e8re<\/a>\n        <\/h2>\n        <\/header><!-- .entry-header -->\n\n\n        <div class=\"entry-summary\" itemprop=\"text\">\n        <p class=\"cus_taxo_desc\">Il Lumi\u00e8re affonda le sue radici alle origini del cinema in Italia. Nacque ufficialmente nel dicembre 1905 col nome \u201cPrimario Cinematografo Lumi\u00e8re\u201d. Al Lumi\u00e8re, il 19 ottobre 1906 venne realizzato il primo esperimento di sonorizzazione di pellicole da parte del ...<\/p>\n        <\/div><!-- .entry-summary -->\n\n        <br>\n        <p class=\"read-more-container\">\n        <a title=\"Lumi\u00e8re\" class=\"read-more button\" href=\"https:\/\/2020.internetfestival.it\/en\/sedi\/lumiere\/\">\n        Leggi tutto\n        <\/a>\n        <\/p>\n\n        <\/div><!-- .inside-article -->\n        <\/article><article id=\"post-83\" class=\"letter-C post-83 post-slug-manifatture-digitali-cinema tax-row programma type-programma programma-tax status-publish format-standard generate-columns tablet-grid-50 mobile-grid-100 grid-parent grid-33\" itemtype=\"https:\/\/schema.org\/CreativeWork\" itemscope=\"\" style=\"position: relative; left: 0%; top: 0px;\">\n        <div class=\"inside-article\">\n        <div class=\"post-image\">\n\n        <a href=\"https:\/\/2020.internetfestival.it\/en\/sedi\/manifatture-digitali-cinema\/\">\n        <img width=\"500\" height=\"375\" src=\"https:\/\/2020.internetfestival.it\/wp-content\/uploads\/2020\/08\/MCD_PISA_POMERIGGIO_0147-Alta-Risoluzione-500x375.jpg\" alt=\"Manifatture Digitali Cinema\" class=\"attachment-if_large size-if_large wp-post-image\" itemprop=\"image\">\n        <\/a>\n\n        <\/div>\n        <header class=\"entry-header\">\n        <h2 class=\"entry-title\" itemprop=\"headline\">\n        <a href=\"https:\/\/2020.internetfestival.it\/en\/sedi\/manifatture-digitali-cinema\/\" rel=\"bookmark\">Manifatture Digitali Cinema<\/a>\n        <\/h2>\n        <\/header><!-- .entry-header -->\n\n\n        <div class=\"entry-summary\" itemprop=\"text\">\n        <p class=\"cus_taxo_desc\">Le Manifatture Digitali Cinema (MDC) di Pisa sorgono negli storici edifici delle ex Stallette e offrono spazi cineportuali attrezzati e tecnologicamente avanzati. Il progetto di supporto al mondo produttivo del cinema e dell\u2019audiovisivo \u00e8 di Mibact \u2013 Dg Cinema, Agenzia ...<\/p>\n        <\/div><!-- .entry-summary -->\n\n        <br>\n        <p class=\"read-more-container\">\n        <a title=\"Manifatture Digitali Cinema\" class=\"read-more button\" href=\"https:\/\/2020.internetfestival.it\/en\/sedi\/manifatture-digitali-cinema\/\">\n        Leggi tutto\n        <\/a>\n        <\/p>\n\n        <\/div><!-- .inside-article -->\n        <\/article><article id=\"post-84\" class=\"letter-P post-84 post-slug-museo-delle-navi-antiche-di-pisa tax-row programma type-programma programma-tax status-publish format-standard generate-columns tablet-grid-50 mobile-grid-100 grid-parent grid-33\" itemtype=\"https:\/\/schema.org\/CreativeWork\" itemscope=\"\" style=\"position: relative; left: 0%; top: 0px;\">\n        <div class=\"inside-article\">\n        <div class=\"post-image\">\n\n        <a href=\"https:\/\/2020.internetfestival.it\/en\/sedi\/museo-delle-navi-antiche-di-pisa\/\">\n        <img width=\"500\" height=\"375\" src=\"https:\/\/2020.internetfestival.it\/wp-content\/uploads\/2020\/08\/navi-antiche-pisa-500x375.jpg\" alt=\"Museo delle Navi Antiche di Pisa\" class=\"attachment-if_large size-if_large wp-post-image\" itemprop=\"image\">\n        <\/a>\n\n        <\/div>\n        <header class=\"entry-header\">\n        <h2 class=\"entry-title\" itemprop=\"headline\">\n        <a href=\"https:\/\/2020.internetfestival.it\/en\/sedi\/museo-delle-navi-antiche-di-pisa\/\" rel=\"bookmark\">Museo delle Navi Antiche di Pisa<\/a>\n        <\/h2>\n        <\/header><!-- .entry-header -->\n\n\n        <div class=\"entry-summary\" itemprop=\"text\">\n        <p class=\"cus_taxo_desc\">L\u2019esposizione delle Navi Antiche di Pisa \u00e8 allestita presso gli Arsenali Medicei, con pi\u00f9 di 800 reperti esposti in 8 sezioni tematiche. Nel 1998 durante alcuni lavori presso la stazione di Pisa San Rossore venne alla luce un\u2019impressionante serie di ...<\/p>\n        <\/div><!-- .entry-summary -->\n\n        <br>\n        <p class=\"read-more-container\">\n        <a title=\"Museo delle Navi Antiche di Pisa\" class=\"read-more button\" href=\"https:\/\/2020.internetfestival.it\/en\/sedi\/museo-delle-navi-antiche-di-pisa\/\">\n        Leggi tutto\n        <\/a>\n        <\/p>\n\n        <\/div><!-- .inside-article -->\n        <\/article><article id=\"post-86\" class=\"letter-G post-86 post-slug-officine-garibaldi tax-row programma type-programma programma-tax status-publish format-standard generate-columns tablet-grid-50 mobile-grid-100 grid-parent grid-33\" itemtype=\"https:\/\/schema.org\/CreativeWork\" itemscope=\"\" style=\"position: relative; left: 0%; top: 0px;\">\n        <div class=\"inside-article\">\n        <div class=\"post-image\">\n\n        <a href=\"https:\/\/2020.internetfestival.it\/en\/sedi\/officine-garibaldi\/\">\n        <img width=\"500\" height=\"375\" src=\"https:\/\/2020.internetfestival.it\/wp-content\/uploads\/2020\/08\/ogaribaldi-500x375.jpg\" alt=\"Officine Garibaldi\" class=\"attachment-if_large size-if_large wp-post-image\" itemprop=\"image\">\n        <\/a>\n\n        <\/div>\n        <header class=\"entry-header\">\n        <h2 class=\"entry-title\" itemprop=\"headline\">\n        <a href=\"https:\/\/2020.internetfestival.it\/en\/sedi\/officine-garibaldi\/\" rel=\"bookmark\">Officine Garibaldi<\/a>\n        <\/h2>\n        <\/header><!-- .entry-header -->\n\n\n        <div class=\"entry-summary\" itemprop=\"text\">\n        <p class=\"cus_taxo_desc\">Le Officine Garibaldi sono sorte dalle ceneri dell\u2019Istituto commerciale Einaudi, rispettandone i volumi e la sagoma originaria. Una struttura polifunzionale, dalla superficie di quasi 5mila mq (pi\u00f9 un analogo spazio esterno), con pareti a vetro per valorizzare le mura antiche ...<\/p>\n        <\/div><!-- .entry-summary -->\n\n        <br>\n        <p class=\"read-more-container\">\n        <a title=\"Officine Garibaldi\" class=\"read-more button\" href=\"https:\/\/2020.internetfestival.it\/en\/sedi\/officine-garibaldi\/\">\n        Leggi tutto\n        <\/a>\n        <\/p>\n\n        <\/div><!-- .inside-article -->\n        <\/article><article id=\"post-126\" class=\"letter-I post-126 post-slug-attivita-nelle-scuole tax-row programma type-programma programma-tax status-publish format-standard generate-columns tablet-grid-50 mobile-grid-100 grid-parent grid-33\" itemtype=\"https:\/\/schema.org\/CreativeWork\" itemscope=\"\" style=\"position: relative; left: 0%; top: 0px;\">\n        <div class=\"inside-article\">\n        <div class=\"post-image\">\n\n        <a href=\"https:\/\/2020.internetfestival.it\/en\/sedi\/attivita-nelle-scuole\/\">\n        <img width=\"500\" height=\"375\" src=\"https:\/\/2020.internetfestival.it\/wp-content\/uploads\/2020\/09\/classroom-2093744_1920-500x375.jpg\" alt=\"Scuole ed Istituti\" class=\"attachment-if_large size-if_large wp-post-image\" itemprop=\"image\">\n        <\/a>\n\n        <\/div>\n        <header class=\"entry-header\">\n        <h2 class=\"entry-title\" itemprop=\"headline\">\n        <a href=\"https:\/\/2020.internetfestival.it\/en\/sedi\/attivita-nelle-scuole\/\" rel=\"bookmark\">Schools and Institutes<\/a>\n        <\/h2>\n        <\/header><!-- .entry-header -->\n\n\n        <div class=\"entry-summary\" itemprop=\"text\">\n        <p class=\"cus_taxo_desc\">Schools and Institutes<\/p>\n        <\/div><!-- .entry-summary -->\n\n        <br>\n        <p class=\"read-more-container\">\n        <a title=\"Schools and Institutes\" class=\"read-more button\" href=\"https:\/\/2020.internetfestival.it\/en\/sedi\/attivita-nelle-scuole\/\">\n        Leggi tutto\n        <\/a>\n        <\/p>\n\n        <\/div><!-- .inside-article -->\n        <\/article><article id=\"post-89\" class=\"letter-V post-89 post-slug-evento-online tax-row programma type-programma programma-tax status-publish format-standard generate-columns tablet-grid-50 mobile-grid-100 grid-parent grid-33\" itemtype=\"https:\/\/schema.org\/CreativeWork\" itemscope=\"\" style=\"position: relative; left: 0%; top: 0px;\">\n        <div class=\"inside-article\">\n        <div class=\"post-image\">\n\n        <a href=\"https:\/\/2020.internetfestival.it\/en\/sedi\/evento-online\/\">\n        <img width=\"500\" height=\"375\" src=\"https:\/\/2020.internetfestival.it\/wp-content\/uploads\/2020\/09\/7e6c432e68404f2039c6ece88613-1426907.jpgd_-500x375.jpg\" alt=\"Sede Virtuale\" class=\"attachment-if_large size-if_large wp-post-image\" itemprop=\"image\">\n        <\/a>\n\n        <\/div>\n        <header class=\"entry-header\">\n        <h2 class=\"entry-title\" itemprop=\"headline\">\n        <a href=\"https:\/\/2020.internetfestival.it\/en\/sedi\/evento-online\/\" rel=\"bookmark\">Virtual Venue<\/a>\n        <\/h2>\n        <\/header><!-- .entry-header -->\n\n\n        <div class=\"entry-summary\" itemprop=\"text\">\n        <p class=\"cus_taxo_desc\">Online<\/p>\n        <\/div><!-- .entry-summary -->\n\n        <br>\n        <p class=\"read-more-container\">\n        <a title=\"Virtual Venue\" class=\"read-more button\" href=\"https:\/\/2020.internetfestival.it\/en\/sedi\/evento-online\/\">\n        Leggi tutto\n        <\/a>\n        <\/p>\n\n        <\/div><!-- .inside-article -->\n        <\/article><div style=\"clear:both;\"><\/div><div class=\"site-content custom_pagination\"><\/div><\/div>","protected":false},"excerpt":{"rendered":"","protected":false},"author":1,"featured_media":164941,"parent":0,"menu_order":0,"comment_status":"closed","ping_status":"closed","template":"","meta":[],"yoast_head":"<!-- This site is optimized with the Yoast SEO plugin v15.7 - https:\/\/yoast.com\/wordpress\/plugins\/seo\/ -->\n<title>Sedi - IF2020<\/title>\n<meta name=\"robots\" content=\"index, follow, max-snippet:-1, max-image-preview:large, max-video-preview:-1\" \/>\n<link rel=\"canonical\" href=\"https:\/\/2020.internetfestival.it\/en\/sedi\/\" \/>\n<meta property=\"og:locale\" content=\"en_US\" \/>\n<meta property=\"og:type\" content=\"article\" \/>\n<meta property=\"og:title\" content=\"Sedi - IF2020\" \/>\n<meta property=\"og:url\" content=\"https:\/\/2020.internetfestival.it\/en\/sedi\/\" \/>\n<meta property=\"og:site_name\" content=\"IF2020\" \/>\n<meta property=\"article:modified_time\" content=\"2020-09-10T15:01:35+00:00\" \/>\n<meta property=\"og:image\" content=\"https:\/\/2020.internetfestival.it\/wp-content\/uploads\/2020\/09\/IF20.png\" \/>\n\t<meta property=\"og:image:width\" content=\"1200\" \/>\n\t<meta property=\"og:image:height\" content=\"900\" \/>\n<meta name=\"twitter:card\" content=\"summary_large_image\" \/>\n<script type=\"application\/ld+json\" class=\"yoast-schema-graph\">{\"@context\":\"https:\/\/schema.org\",\"@graph\":[{\"@type\":\"WebSite\",\"@id\":\"https:\/\/2020.internetfestival.it\/#website\",\"url\":\"https:\/\/2020.internetfestival.it\/\",\"name\":\"IF2020\",\"description\":\"Forme di Futuro\",\"potentialAction\":[{\"@type\":\"SearchAction\",\"target\":\"https:\/\/2020.internetfestival.it\/?s={search_term_string}\",\"query-input\":\"required name=search_term_string\"}],\"inLanguage\":\"en-US\"},{\"@type\":\"ImageObject\",\"@id\":\"https:\/\/2020.internetfestival.it\/sedi\/#primaryimage\",\"inLanguage\":\"en-US\",\"url\":\"https:\/\/2020.internetfestival.it\/wp-content\/uploads\/2020\/09\/IF20.png\",\"width\":1200,\"height\":900},{\"@type\":\"WebPage\",\"@id\":\"https:\/\/2020.internetfestival.it\/sedi\/#webpage\",\"url\":\"https:\/\/2020.internetfestival.it\/sedi\/\",\"name\":\"Sedi - IF2020\",\"isPartOf\":{\"@id\":\"https:\/\/2020.internetfestival.it\/#website\"},\"primaryImageOfPage\":{\"@id\":\"https:\/\/2020.internetfestival.it\/sedi\/#primaryimage\"},\"datePublished\":\"2020-07-07T16:04:02+00:00\",\"dateModified\":\"2020-09-10T15:01:35+00:00\",\"inLanguage\":\"en-US\",\"potentialAction\":[{\"@type\":\"ReadAction\",\"target\":[\"https:\/\/2020.internetfestival.it\/sedi\/\"]}]}]}<\/script>\n<!-- \/ Yoast SEO plugin. -->","_links":{"self":[{"href":"https:\/\/2020.internetfestival.it\/en\/wp-json\/wp\/v2\/pages\/163635"}],"collection":[{"href":"https:\/\/2020.internetfestival.it\/en\/wp-json\/wp\/v2\/pages"}],"about":[{"href":"https:\/\/2020.internetfestival.it\/en\/wp-json\/wp\/v2\/types\/page"}],"author":[{"embeddable":true,"href":"https:\/\/2020.internetfestival.it\/en\/wp-json\/wp\/v2\/users\/1"}],"replies":[{"embeddable":true,"href":"https:\/\/2020.internetfestival.it\/en\/wp-json\/wp\/v2\/comments?post=163635"}],"version-history":[{"count":3,"href":"https:\/\/2020.internetfestival.it\/en\/wp-json\/wp\/v2\/pages\/163635\/revisions"}],"predecessor-version":[{"id":164944,"href":"https:\/\/2020.internetfestival.it\/en\/wp-json\/wp\/v2\/pages\/163635\/revisions\/164944"}],"wp:featuredmedia":[{"embeddable":true,"href":"https:\/\/2020.internetfestival.it\/en\/wp-json\/wp\/v2\/media\/164941"}],"wp:attachment":[{"href":"https:\/\/2020.internetfestival.it\/en\/wp-json\/wp\/v2\/media?parent=163635"}],"curies":[{"name":"wp","href":"https:\/\/api.w.org\/{rel}","templated":true}]}}