{"id":163644,"date":"2020-07-07T16:09:04","date_gmt":"2020-07-07T16:09:04","guid":{"rendered":"https:\/\/2020.internetfestival.it\/?page_id=163644"},"modified":"2020-09-10T14:59:50","modified_gmt":"2020-09-10T14:59:50","slug":"aree-tematiche","status":"publish","type":"page","link":"https:\/\/2020.internetfestival.it\/en\/aree-tematiche\/","title":{"rendered":"Thematic Areas"},"content":{"rendered":"<div class=\"generate-columns-container custom_tax_page\" style=\"position: relative; height: auto;\"><article id=\"post-79\" class=\"letter-B post-79 post-slug-bookebook tax-row programma type-programma programma-tax status-publish format-standard generate-columns tablet-grid-50 mobile-grid-100 grid-parent grid-33\" itemtype=\"https:\/\/schema.org\/CreativeWork\" itemscope=\"\" style=\"position: relative; left: 0%; top: 0px;\">\n        <div class=\"inside-article\">\n        <div class=\"post-image\">\n\n        <a href=\"https:\/\/2020.internetfestival.it\/en\/area_tematica\/bookebook\/\">\n        <img width=\"500\" height=\"375\" src=\"https:\/\/2020.internetfestival.it\/wp-content\/uploads\/2020\/09\/IF20_sito_aree_tematiche4-500x375.png\" alt=\"Book(e)book\" class=\"attachment-if_large size-if_large wp-post-image\" itemprop=\"image\">\n        <\/a>\n\n        <\/div>\n        <header class=\"entry-header\">\n        <h2 class=\"entry-title\" itemprop=\"headline\">\n        <a href=\"https:\/\/2020.internetfestival.it\/en\/area_tematica\/bookebook\/\" rel=\"bookmark\">Book(e)book<\/a>\n        <\/h2>\n        <\/header><!-- .entry-header -->\n\n\n        <div class=\"entry-summary\" itemprop=\"text\">\n        <p class=\"cus_taxo_desc\">I libri sono cambiati profondamente con la rivoluzione digitale: i supporti su cui li leggiamo, l\u2019attenzione che dedichiamo alla lettura, come ne parliamo. \u00c8 cambiato anche il modo di scriverli. Eppure continuano a essere insostituibili. La decima edizione di IF ...<\/p>\n        <\/div><!-- .entry-summary -->\n\n        <br>\n        <p class=\"read-more-container\">\n        <a title=\"Book(e)book\" class=\"read-more button\" href=\"https:\/\/2020.internetfestival.it\/en\/area_tematica\/bookebook\/\">\n        Leggi tutto\n        <\/a>\n        <\/p>\n\n        <\/div><!-- .inside-article -->\n        <\/article><article id=\"post-73\" class=\"letter-L post-73 post-slug-code-is-law tax-row programma type-programma programma-tax status-publish format-standard generate-columns tablet-grid-50 mobile-grid-100 grid-parent grid-33\" itemtype=\"https:\/\/schema.org\/CreativeWork\" itemscope=\"\" style=\"position: relative; left: 0%; top: 0px;\">\n        <div class=\"inside-article\">\n        <div class=\"post-image\">\n\n        <a href=\"https:\/\/2020.internetfestival.it\/en\/area_tematica\/code-is-law\/\">\n        <img width=\"500\" height=\"375\" src=\"https:\/\/2020.internetfestival.it\/wp-content\/uploads\/2020\/09\/IF20_sito_aree_tematiche-500x375.png\" alt=\"Code is Law\" class=\"attachment-if_large size-if_large wp-post-image\" itemprop=\"image\">\n        <\/a>\n\n        <\/div>\n        <header class=\"entry-header\">\n        <h2 class=\"entry-title\" itemprop=\"headline\">\n        <a href=\"https:\/\/2020.internetfestival.it\/en\/area_tematica\/code-is-law\/\" rel=\"bookmark\">Code is Law<\/a>\n        <\/h2>\n        <\/header><!-- .entry-header -->\n\n\n        <div class=\"entry-summary\" itemprop=\"text\">\n        <p class=\"cus_taxo_desc\">Il codice d\u00e0 vita alla realt\u00e0 digitale, la costruisce, la forma. Nel tempo della pandemia, il mondo digitale si \u00e8 esteso diventando meta di una inedita migrazione di massa dal mondo analogico, assumendo i contorni di luogo di lavoro, istruzione, ...<\/p>\n        <\/div><!-- .entry-summary -->\n\n        <br>\n        <p class=\"read-more-container\">\n        <a title=\"Code is Law\" class=\"read-more button\" href=\"https:\/\/2020.internetfestival.it\/en\/area_tematica\/code-is-law\/\">\n        Leggi tutto\n        <\/a>\n        <\/p>\n\n        <\/div><!-- .inside-article -->\n        <\/article><article id=\"post-76\" class=\"letter-T post-76 post-slug-connessioni-tecnofilosofiche tax-row programma type-programma programma-tax status-publish format-standard generate-columns tablet-grid-50 mobile-grid-100 grid-parent grid-33\" itemtype=\"https:\/\/schema.org\/CreativeWork\" itemscope=\"\" style=\"position: relative; left: 0%; top: 0px;\">\n        <div class=\"inside-article\">\n        <div class=\"post-image\">\n\n        <a href=\"https:\/\/2020.internetfestival.it\/en\/area_tematica\/connessioni-tecnofilosofiche\/\">\n        <img width=\"500\" height=\"375\" src=\"https:\/\/2020.internetfestival.it\/wp-content\/uploads\/2020\/09\/IF20_sito_aree_tematiche3-500x375.png\" alt=\"Connessioni tecnofilosofiche\" class=\"attachment-if_large size-if_large wp-post-image\" itemprop=\"image\">\n        <\/a>\n\n        <\/div>\n        <header class=\"entry-header\">\n        <h2 class=\"entry-title\" itemprop=\"headline\">\n        <a href=\"https:\/\/2020.internetfestival.it\/en\/area_tematica\/connessioni-tecnofilosofiche\/\" rel=\"bookmark\">Technophilosophical connections<\/a>\n        <\/h2>\n        <\/header><!-- .entry-header -->\n\n\n        <div class=\"entry-summary\" itemprop=\"text\">\n        <p class=\"cus_taxo_desc\">Oggi, grazie a un fertile dialogo transdisciplinare, possiamo cercare di superare molti dualismi della modernit\u00e0 fondati su opposizioni binarie e su esplicite o implicite gerarchie. Come la filosofia contemporanea rende permeabili i confini umano\/animale e animale\/vegetale, cos\u00ec l&#8217;ecocritica va oltre ...<\/p>\n        <\/div><!-- .entry-summary -->\n\n        <br>\n        <p class=\"read-more-container\">\n        <a title=\"Technophilosophical connections\" class=\"read-more button\" href=\"https:\/\/2020.internetfestival.it\/en\/area_tematica\/connessioni-tecnofilosofiche\/\">\n        Leggi tutto\n        <\/a>\n        <\/p>\n\n        <\/div><!-- .inside-article -->\n        <\/article><article id=\"post-77\" class=\"letter-M post-77 post-slug-digital-news-matter tax-row programma type-programma programma-tax status-publish format-standard generate-columns tablet-grid-50 mobile-grid-100 grid-parent grid-33\" itemtype=\"https:\/\/schema.org\/CreativeWork\" itemscope=\"\" style=\"position: relative; left: 0%; top: 0px;\">\n        <div class=\"inside-article\">\n        <div class=\"post-image\">\n\n        <a href=\"https:\/\/2020.internetfestival.it\/en\/area_tematica\/digital-news-matter\/\">\n        <img width=\"500\" height=\"375\" src=\"https:\/\/2020.internetfestival.it\/wp-content\/uploads\/2020\/09\/IF20_areetem_Digital_news_matter-500x375.png\" alt=\"Digital news matter\" class=\"attachment-if_large size-if_large wp-post-image\" itemprop=\"image\">\n        <\/a>\n\n        <\/div>\n        <header class=\"entry-header\">\n        <h2 class=\"entry-title\" itemprop=\"headline\">\n        <a href=\"https:\/\/2020.internetfestival.it\/en\/area_tematica\/digital-news-matter\/\" rel=\"bookmark\">Digital news matter<\/a>\n        <\/h2>\n        <\/header><!-- .entry-header -->\n\n\n        <div class=\"entry-summary\" itemprop=\"text\">\n        <p class=\"cus_taxo_desc\">Infodemia \u00e8 un termine che indica \u201cla circolazione di una quantit\u00e0 eccessiva di informazioni, talvolta non vagliate con accuratezza, che rendono difficile orientarsi su un determinato argomento per la difficolt\u00e0 di individuare fonti affidabili\u201d. Un neologismo che nasce da info(rmazione) ...<\/p>\n        <\/div><!-- .entry-summary -->\n\n        <br>\n        <p class=\"read-more-container\">\n        <a title=\"Digital news matter\" class=\"read-more button\" href=\"https:\/\/2020.internetfestival.it\/en\/area_tematica\/digital-news-matter\/\">\n        Leggi tutto\n        <\/a>\n        <\/p>\n\n        <\/div><!-- .inside-article -->\n        <\/article><article id=\"post-78\" class=\"letter-F post-78 post-slug-if-prima-fila tax-row programma type-programma programma-tax status-publish format-standard generate-columns tablet-grid-50 mobile-grid-100 grid-parent grid-33\" itemtype=\"https:\/\/schema.org\/CreativeWork\" itemscope=\"\" style=\"position: relative; left: 0%; top: 0px;\">\n        <div class=\"inside-article\">\n        <div class=\"post-image\">\n\n        <a href=\"https:\/\/2020.internetfestival.it\/en\/area_tematica\/if-prima-fila\/\">\n        <img width=\"500\" height=\"375\" src=\"https:\/\/2020.internetfestival.it\/wp-content\/uploads\/2020\/09\/IF20_sito_aree_tematiche2-500x375.png\" alt=\"IF Prima fila\" class=\"attachment-if_large size-if_large wp-post-image\" itemprop=\"image\">\n        <\/a>\n\n        <\/div>\n        <header class=\"entry-header\">\n        <h2 class=\"entry-title\" itemprop=\"headline\">\n        <a href=\"https:\/\/2020.internetfestival.it\/en\/area_tematica\/if-prima-fila\/\" rel=\"bookmark\">IF First row<\/a>\n        <\/h2>\n        <\/header><!-- .entry-header -->\n\n\n        <div class=\"entry-summary\" itemprop=\"text\">\n        <p class=\"cus_taxo_desc\">Ma come avremmo fatto, durante il lockdown, se non avessimo avuto i libri, la musica, gli spettacoli, i film, i giochi? Senza uscire di casa, ma grazie alle connessioni digitali, i nostri divani, le nostre librerie e i nostri schermi ...<\/p>\n        <\/div><!-- .entry-summary -->\n\n        <br>\n        <p class=\"read-more-container\">\n        <a title=\"IF First row\" class=\"read-more button\" href=\"https:\/\/2020.internetfestival.it\/en\/area_tematica\/if-prima-fila\/\">\n        Leggi tutto\n        <\/a>\n        <\/p>\n\n        <\/div><!-- .inside-article -->\n        <\/article><article id=\"post-75\" class=\"letter-E post-75 post-slug-orbite-economiche tax-row programma type-programma programma-tax status-publish format-standard generate-columns tablet-grid-50 mobile-grid-100 grid-parent grid-33\" itemtype=\"https:\/\/schema.org\/CreativeWork\" itemscope=\"\" style=\"position: relative; left: 0%; top: 0px;\">\n        <div class=\"inside-article\">\n        <div class=\"post-image\">\n\n        <a href=\"https:\/\/2020.internetfestival.it\/en\/area_tematica\/orbite-economiche\/\">\n        <img width=\"500\" height=\"375\" src=\"https:\/\/2020.internetfestival.it\/wp-content\/uploads\/2020\/09\/IF20_areetem_Orbite_economiche-500x375.png\" alt=\"Orbite economiche\" class=\"attachment-if_large size-if_large wp-post-image\" itemprop=\"image\">\n        <\/a>\n\n        <\/div>\n        <header class=\"entry-header\">\n        <h2 class=\"entry-title\" itemprop=\"headline\">\n        <a href=\"https:\/\/2020.internetfestival.it\/en\/area_tematica\/orbite-economiche\/\" rel=\"bookmark\">Economic orbits<\/a>\n        <\/h2>\n        <\/header><!-- .entry-header -->\n\n\n        <div class=\"entry-summary\" itemprop=\"text\">\n        <p class=\"cus_taxo_desc\">La spinta al cambiamento della rivoluzione digitale nel settore economico \u00e8 stata e continua a essere poderosa e inarrestabile. Molte le parole chiave che ne individuano la forza innovativa e, soprattutto, le strategie politico-finanziarie auspicabili. Una nuova geografia del lavoro ...<\/p>\n        <\/div><!-- .entry-summary -->\n\n        <br>\n        <p class=\"read-more-container\">\n        <a title=\"Economic orbits\" class=\"read-more button\" href=\"https:\/\/2020.internetfestival.it\/en\/area_tematica\/orbite-economiche\/\">\n        Leggi tutto\n        <\/a>\n        <\/p>\n\n        <\/div><!-- .inside-article -->\n        <\/article><article id=\"post-74\" class=\"letter-L post-74 post-slug-spazi-liquidi tax-row programma type-programma programma-tax status-publish format-standard generate-columns tablet-grid-50 mobile-grid-100 grid-parent grid-33\" itemtype=\"https:\/\/schema.org\/CreativeWork\" itemscope=\"\" style=\"position: relative; left: 0%; top: 0px;\">\n        <div class=\"inside-article\">\n        <div class=\"post-image\">\n\n        <a href=\"https:\/\/2020.internetfestival.it\/en\/area_tematica\/spazi-liquidi\/\">\n        <img width=\"500\" height=\"375\" src=\"https:\/\/2020.internetfestival.it\/wp-content\/uploads\/2020\/09\/IF20_areetem_Spazi_liquidi-500x375.png\" alt=\"Spazi liquidi\" class=\"attachment-if_large size-if_large wp-post-image\" itemprop=\"image\">\n        <\/a>\n\n        <\/div>\n        <header class=\"entry-header\">\n        <h2 class=\"entry-title\" itemprop=\"headline\">\n        <a href=\"https:\/\/2020.internetfestival.it\/en\/area_tematica\/spazi-liquidi\/\" rel=\"bookmark\">Fluid spaces<\/a>\n        <\/h2>\n        <\/header><!-- .entry-header -->\n\n\n        <div class=\"entry-summary\" itemprop=\"text\">\n        <p class=\"cus_taxo_desc\">L\u2019agor\u00e0 greca, il foro romano, le piazze, i grandi viali, i moderni snodi cittadini sono da sempre lo spazio delle relazioni, degli incontri, delle manifestazioni. Sono i luoghi che definiscono lo spazio pubblico destinato alla comunit\u00e0 e alla socializzazione. Sono ...<\/p>\n        <\/div><!-- .entry-summary -->\n\n        <br>\n        <p class=\"read-more-container\">\n        <a title=\"Fluid spaces\" class=\"read-more button\" href=\"https:\/\/2020.internetfestival.it\/en\/area_tematica\/spazi-liquidi\/\">\n        Leggi tutto\n        <\/a>\n        <\/p>\n\n        <\/div><!-- .inside-article -->\n        <\/article><article id=\"post-29\" class=\"letter-T post-29 post-slug-ttour tax-row programma type-programma programma-tax status-publish format-standard generate-columns tablet-grid-50 mobile-grid-100 grid-parent grid-33\" itemtype=\"https:\/\/schema.org\/CreativeWork\" itemscope=\"\" style=\"position: relative; left: 0%; top: 0px;\">\n        <div class=\"inside-article\">\n        <div class=\"post-image\">\n\n        <a href=\"https:\/\/2020.internetfestival.it\/en\/area_tematica\/ttour\/\">\n        <img width=\"500\" height=\"375\" src=\"https:\/\/2020.internetfestival.it\/wp-content\/uploads\/2020\/09\/IF20_sito_aree_tematiche5-500x375.png\" alt=\"T-Tour\" class=\"attachment-if_large size-if_large wp-post-image\" itemprop=\"image\">\n        <\/a>\n\n        <\/div>\n        <header class=\"entry-header\">\n        <h2 class=\"entry-title\" itemprop=\"headline\">\n        <a href=\"https:\/\/2020.internetfestival.it\/en\/area_tematica\/ttour\/\" rel=\"bookmark\">T-Tour<\/a>\n        <\/h2>\n        <\/header><!-- .entry-header -->\n\n\n        <div class=\"entry-summary\" itemprop=\"text\">\n        <p class=\"cus_taxo_desc\">Cosa sono i T-Tour? I percorsi formativi ed educativi dell\u2019area T-Tour (Tutorial Tour) costituiscono un punto di forza di Internet Festival. Obiettivo dei T-Tour \u00e8 stimolare la curiosit\u00e0 nei confronti dell\u2019innovazione digitale e proporre strumenti utili a orientarsi nello sconfinato ...<\/p>\n        <\/div><!-- .entry-summary -->\n\n        <br>\n        <p class=\"read-more-container\">\n        <a title=\"T-Tour\" class=\"read-more button\" href=\"https:\/\/2020.internetfestival.it\/en\/area_tematica\/ttour\/\">\n        Leggi tutto\n        <\/a>\n        <\/p>\n\n        <\/div><!-- .inside-article -->\n        <\/article><div style=\"clear:both;\"><\/div><div class=\"site-content custom_pagination\"><\/div><\/div>","protected":false},"excerpt":{"rendered":"","protected":false},"author":1,"featured_media":164941,"parent":0,"menu_order":0,"comment_status":"closed","ping_status":"closed","template":"","meta":[],"yoast_head":"<!-- This site is optimized with the Yoast SEO plugin v15.7 - https:\/\/yoast.com\/wordpress\/plugins\/seo\/ -->\n<title>Aree Tematiche - IF2020<\/title>\n<meta name=\"robots\" content=\"index, follow, max-snippet:-1, max-image-preview:large, max-video-preview:-1\" \/>\n<link rel=\"canonical\" href=\"https:\/\/2020.internetfestival.it\/en\/aree-tematiche\/\" \/>\n<meta property=\"og:locale\" content=\"en_US\" \/>\n<meta property=\"og:type\" content=\"article\" \/>\n<meta property=\"og:title\" content=\"Aree Tematiche - IF2020\" \/>\n<meta property=\"og:url\" content=\"https:\/\/2020.internetfestival.it\/en\/aree-tematiche\/\" \/>\n<meta property=\"og:site_name\" content=\"IF2020\" \/>\n<meta property=\"article:modified_time\" content=\"2020-09-10T14:59:50+00:00\" \/>\n<meta property=\"og:image\" content=\"https:\/\/2020.internetfestival.it\/wp-content\/uploads\/2020\/09\/IF20.png\" \/>\n\t<meta property=\"og:image:width\" content=\"1200\" \/>\n\t<meta property=\"og:image:height\" content=\"900\" \/>\n<meta name=\"twitter:card\" content=\"summary_large_image\" \/>\n<script type=\"application\/ld+json\" class=\"yoast-schema-graph\">{\"@context\":\"https:\/\/schema.org\",\"@graph\":[{\"@type\":\"WebSite\",\"@id\":\"https:\/\/2020.internetfestival.it\/#website\",\"url\":\"https:\/\/2020.internetfestival.it\/\",\"name\":\"IF2020\",\"description\":\"Forme di Futuro\",\"potentialAction\":[{\"@type\":\"SearchAction\",\"target\":\"https:\/\/2020.internetfestival.it\/?s={search_term_string}\",\"query-input\":\"required name=search_term_string\"}],\"inLanguage\":\"en-US\"},{\"@type\":\"ImageObject\",\"@id\":\"https:\/\/2020.internetfestival.it\/aree-tematiche\/#primaryimage\",\"inLanguage\":\"en-US\",\"url\":\"https:\/\/2020.internetfestival.it\/wp-content\/uploads\/2020\/09\/IF20.png\",\"width\":1200,\"height\":900},{\"@type\":\"WebPage\",\"@id\":\"https:\/\/2020.internetfestival.it\/aree-tematiche\/#webpage\",\"url\":\"https:\/\/2020.internetfestival.it\/aree-tematiche\/\",\"name\":\"Aree Tematiche - IF2020\",\"isPartOf\":{\"@id\":\"https:\/\/2020.internetfestival.it\/#website\"},\"primaryImageOfPage\":{\"@id\":\"https:\/\/2020.internetfestival.it\/aree-tematiche\/#primaryimage\"},\"datePublished\":\"2020-07-07T16:09:04+00:00\",\"dateModified\":\"2020-09-10T14:59:50+00:00\",\"inLanguage\":\"en-US\",\"potentialAction\":[{\"@type\":\"ReadAction\",\"target\":[\"https:\/\/2020.internetfestival.it\/aree-tematiche\/\"]}]}]}<\/script>\n<!-- \/ Yoast SEO plugin. -->","_links":{"self":[{"href":"https:\/\/2020.internetfestival.it\/en\/wp-json\/wp\/v2\/pages\/163644"}],"collection":[{"href":"https:\/\/2020.internetfestival.it\/en\/wp-json\/wp\/v2\/pages"}],"about":[{"href":"https:\/\/2020.internetfestival.it\/en\/wp-json\/wp\/v2\/types\/page"}],"author":[{"embeddable":true,"href":"https:\/\/2020.internetfestival.it\/en\/wp-json\/wp\/v2\/users\/1"}],"replies":[{"embeddable":true,"href":"https:\/\/2020.internetfestival.it\/en\/wp-json\/wp\/v2\/comments?post=163644"}],"version-history":[{"count":1,"href":"https:\/\/2020.internetfestival.it\/en\/wp-json\/wp\/v2\/pages\/163644\/revisions"}],"predecessor-version":[{"id":163645,"href":"https:\/\/2020.internetfestival.it\/en\/wp-json\/wp\/v2\/pages\/163644\/revisions\/163645"}],"wp:featuredmedia":[{"embeddable":true,"href":"https:\/\/2020.internetfestival.it\/en\/wp-json\/wp\/v2\/media\/164941"}],"wp:attachment":[{"href":"https:\/\/2020.internetfestival.it\/en\/wp-json\/wp\/v2\/media?parent=163644"}],"curies":[{"name":"wp","href":"https:\/\/api.w.org\/{rel}","templated":true}]}}