{"id":164449,"date":"2020-09-06T20:34:48","date_gmt":"2020-09-06T20:34:48","guid":{"rendered":"https:\/\/2020.internetfestival.it\/?page_id=164449"},"modified":"2020-09-18T23:14:30","modified_gmt":"2020-09-18T23:14:30","slug":"partner","status":"publish","type":"page","link":"https:\/\/2020.internetfestival.it\/en\/partner\/","title":{"rendered":"Partner"},"content":{"rendered":"<div  class=\"lgc-column lgc-grid-parent lgc-grid-100 lgc-tablet-grid-100 lgc-mobile-grid-100 lgc-equal-heights\"><div  class=\"inside-grid-column\">\n<h1 align=\"left\">MEDIA PARTNER<\/h1>\n<p><\/p><\/div><\/div><div class=\"lgc-clear\"><\/div>\n<div  class=\"lgc-column lgc-grid-parent lgc-grid-33 lgc-tablet-grid-33 lgc-mobile-grid-50 lgc-equal-heights\"><div  class=\"inside-grid-column\"><br \/>\n<img loading=\"lazy\" class=\"wp-image-164851 aligncenter\" src=\"https:\/\/2020.internetfestival.it\/wp-content\/uploads\/2020\/09\/1200px-TGR_logo.svg-450x300.png\" alt=\"\" width=\"176\" height=\"117\" srcset=\"https:\/\/2020.internetfestival.it\/wp-content\/uploads\/2020\/09\/1200px-TGR_logo.svg-450x300.png 450w, https:\/\/2020.internetfestival.it\/wp-content\/uploads\/2020\/09\/1200px-TGR_logo.svg-1024x682.png 1024w, https:\/\/2020.internetfestival.it\/wp-content\/uploads\/2020\/09\/1200px-TGR_logo.svg-768x512.png 768w, https:\/\/2020.internetfestival.it\/wp-content\/uploads\/2020\/09\/1200px-TGR_logo.svg.png 1150w\" sizes=\"(max-width: 176px) 100vw, 176px\" \/><\/div><\/div>\n<div  class=\"lgc-column lgc-grid-parent lgc-grid-33 lgc-tablet-grid-33 lgc-mobile-grid-50 lgc-equal-heights\"><div  class=\"inside-grid-column\"><br \/>\n<img loading=\"lazy\" class=\"wp-image-164432 aligncenter\" src=\"https:\/\/2020.internetfestival.it\/wp-content\/uploads\/2020\/09\/logosito_rep_review-450x338.jpg\" alt=\"\" width=\"180\" height=\"135\" srcset=\"https:\/\/2020.internetfestival.it\/wp-content\/uploads\/2020\/09\/logosito_rep_review-450x338.jpg 450w, https:\/\/2020.internetfestival.it\/wp-content\/uploads\/2020\/09\/logosito_rep_review.jpg 500w\" sizes=\"(max-width: 180px) 100vw, 180px\" \/><br \/>\n<\/div><\/div>\n<div  class=\"lgc-column lgc-grid-parent lgc-grid-33 lgc-tablet-grid-33 lgc-mobile-grid-50 lgc-equal-heights\"><div  class=\"inside-grid-column\"><br \/>\n<img loading=\"lazy\" class=\"wp-image-164986 aligncenter\" src=\"https:\/\/2020.internetfestival.it\/wp-content\/uploads\/2020\/09\/iltirreno-450x338.png\" alt=\"\" width=\"181\" height=\"136\" srcset=\"https:\/\/2020.internetfestival.it\/wp-content\/uploads\/2020\/09\/iltirreno-450x338.png 450w, https:\/\/2020.internetfestival.it\/wp-content\/uploads\/2020\/09\/iltirreno-1024x768.png 1024w, https:\/\/2020.internetfestival.it\/wp-content\/uploads\/2020\/09\/iltirreno-768x576.png 768w, https:\/\/2020.internetfestival.it\/wp-content\/uploads\/2020\/09\/iltirreno-500x375.png 500w, https:\/\/2020.internetfestival.it\/wp-content\/uploads\/2020\/09\/iltirreno.png 1500w\" sizes=\"(max-width: 181px) 100vw, 181px\" \/><br \/>\n<\/div><\/div><div class=\"lgc-clear\"><\/div>\n<div  class=\"lgc-column lgc-grid-parent lgc-grid-33 lgc-tablet-grid-33 lgc-mobile-grid-50 lgc-equal-heights\"><div  class=\"inside-grid-column\"><br \/>\n<img loading=\"lazy\" class=\"wp-image-164430 aligncenter\" src=\"https:\/\/2020.internetfestival.it\/wp-content\/uploads\/2020\/09\/logosito_intosc_review-450x338.png\" alt=\"\" width=\"180\" height=\"135\" srcset=\"https:\/\/2020.internetfestival.it\/wp-content\/uploads\/2020\/09\/logosito_intosc_review-450x338.png 450w, https:\/\/2020.internetfestival.it\/wp-content\/uploads\/2020\/09\/logosito_intosc_review.png 500w\" sizes=\"(max-width: 180px) 100vw, 180px\" \/><br \/>\n<\/div><\/div>\n<div  class=\"lgc-column lgc-grid-parent lgc-grid-33 lgc-tablet-grid-33 lgc-mobile-grid-50 lgc-equal-heights\"><div  class=\"inside-grid-column\"><br \/>\n<img loading=\"lazy\" class=\"wp-image-164429 aligncenter\" src=\"https:\/\/2020.internetfestival.it\/wp-content\/uploads\/2020\/09\/logosito_sesta_review-450x338.png\" alt=\"\" width=\"180\" height=\"135\" srcset=\"https:\/\/2020.internetfestival.it\/wp-content\/uploads\/2020\/09\/logosito_sesta_review-450x338.png 450w, https:\/\/2020.internetfestival.it\/wp-content\/uploads\/2020\/09\/logosito_sesta_review-500x375.png 500w, https:\/\/2020.internetfestival.it\/wp-content\/uploads\/2020\/09\/logosito_sesta_review.png 540w\" sizes=\"(max-width: 180px) 100vw, 180px\" \/><br \/>\n<\/div><\/div>\n<div  class=\"lgc-column lgc-grid-parent lgc-grid-33 lgc-tablet-grid-33 lgc-mobile-grid-50 lgc-equal-heights\"><div  class=\"inside-grid-column\"><br \/>\n<img loading=\"lazy\" class=\"wp-image-164439 aligncenter\" src=\"https:\/\/2020.internetfestival.it\/wp-content\/uploads\/2020\/09\/logosito_puntoinformatico_review-450x338.jpg\" alt=\"\" width=\"180\" height=\"135\" srcset=\"https:\/\/2020.internetfestival.it\/wp-content\/uploads\/2020\/09\/logosito_puntoinformatico_review-450x338.jpg 450w, https:\/\/2020.internetfestival.it\/wp-content\/uploads\/2020\/09\/logosito_puntoinformatico_review-1024x768.jpg 1024w, https:\/\/2020.internetfestival.it\/wp-content\/uploads\/2020\/09\/logosito_puntoinformatico_review-768x576.jpg 768w, https:\/\/2020.internetfestival.it\/wp-content\/uploads\/2020\/09\/logosito_puntoinformatico_review-1536x1152.jpg 1536w, https:\/\/2020.internetfestival.it\/wp-content\/uploads\/2020\/09\/logosito_puntoinformatico_review-500x375.jpg 500w, https:\/\/2020.internetfestival.it\/wp-content\/uploads\/2020\/09\/logosito_puntoinformatico_review.jpg 2000w\" sizes=\"(max-width: 180px) 100vw, 180px\" \/><br \/>\n<\/div><\/div><div class=\"lgc-clear\"><\/div>\n<div  class=\"lgc-column lgc-grid-parent lgc-grid-100 lgc-tablet-grid-100 lgc-mobile-grid-100 lgc-equal-heights\"><div  class=\"inside-grid-column\">\n<h1 align=\"left\">PARTNER<\/h1>\n<p><\/p><\/div><\/div><div class=\"lgc-clear\"><\/div>\n<div  class=\"lgc-column lgc-grid-parent lgc-grid-25 lgc-tablet-grid-35 lgc-mobile-grid-100 lgc-equal-heights\"><div  class=\"inside-grid-column\"><br \/>\n<img loading=\"lazy\" class=\"alignnone wp-image-165272\" src=\"https:\/\/2020.internetfestival.it\/wp-content\/uploads\/2020\/09\/ToscanaEnergia_RGB-450x319.png\" alt=\"\" width=\"259\" height=\"184\" srcset=\"https:\/\/2020.internetfestival.it\/wp-content\/uploads\/2020\/09\/ToscanaEnergia_RGB-450x319.png 450w, https:\/\/2020.internetfestival.it\/wp-content\/uploads\/2020\/09\/ToscanaEnergia_RGB-1024x725.png 1024w, https:\/\/2020.internetfestival.it\/wp-content\/uploads\/2020\/09\/ToscanaEnergia_RGB-768x544.png 768w, https:\/\/2020.internetfestival.it\/wp-content\/uploads\/2020\/09\/ToscanaEnergia_RGB.png 1078w\" sizes=\"(max-width: 259px) 100vw, 259px\" \/><br \/>\n<\/div><\/div>\n<div  class=\"lgc-column lgc-grid-parent lgc-grid-75 lgc-tablet-grid-65 lgc-mobile-grid-100 lgc-equal-heights\"><div  class=\"inside-grid-column\"><br \/>\n<strong>TOSCANA ENERGIA<\/strong><br \/>\nToscana Energia \u00e8 una grande realt\u00e0 industriale leader nel settore della distribuzione gas, da sempre impegnata a valorizzare le eccellenze culturali ed artistiche del territorio in cui opera.<br \/>\nLa rinnovata partecipazione a Internet Festival, in partnership con il Comune di Pisa, conferma la stretta sinergia di Toscana Energia con il territorio e la sensibilit\u00e0 per la cultura e tutte le sue espressioni ritenute energie da sostenere.<br \/>\n<\/div><\/div><div class=\"lgc-clear\"><\/div>\n<div  class=\"lgc-column lgc-grid-parent lgc-grid-25 lgc-tablet-grid-35 lgc-mobile-grid-100 lgc-equal-heights\"><div  class=\"inside-grid-column\"><br \/>\n<img loading=\"lazy\" class=\"alignnone wp-image-164417\" src=\"https:\/\/2020.internetfestival.it\/wp-content\/uploads\/2020\/09\/Srl_MIX-MilanInternetXchange-1-450x338.jpg\" alt=\"\" width=\"240\" height=\"180\" srcset=\"https:\/\/2020.internetfestival.it\/wp-content\/uploads\/2020\/09\/Srl_MIX-MilanInternetXchange-1-450x338.jpg 450w, https:\/\/2020.internetfestival.it\/wp-content\/uploads\/2020\/09\/Srl_MIX-MilanInternetXchange-1-768x576.jpg 768w, https:\/\/2020.internetfestival.it\/wp-content\/uploads\/2020\/09\/Srl_MIX-MilanInternetXchange-1-500x375.jpg 500w, https:\/\/2020.internetfestival.it\/wp-content\/uploads\/2020\/09\/Srl_MIX-MilanInternetXchange-1.jpg 900w\" sizes=\"(max-width: 240px) 100vw, 240px\" \/><br \/>\n<\/div><\/div>\n<div  class=\"lgc-column lgc-grid-parent lgc-grid-75 lgc-tablet-grid-65 lgc-mobile-grid-100 lgc-equal-heights\"><div  class=\"inside-grid-column\"><br \/>\n<strong>MIX Srl<\/strong><br \/>\nFondato nel 2000 e ubicato nel campus Caldera di Milano, MIX \u00e8 il principale punto di interscambio (IXP) di reti Internet italiano e tra i primi in Europa in termini di traffico veicolato, con picchi giornalieri di oltre 1 Tbps. \u00c8 uno dei pochi IXP Europei dotati di un proprio datacenter dove offre servizi di interconnessione a operatori internet italiani e stranieri, garantendo un servizio di alta qualit\u00e0, scalabilit\u00e0 e robustezza.<br \/>\n<\/div><\/div><div class=\"lgc-clear\"><\/div>\n<div  class=\"lgc-column lgc-grid-parent lgc-grid-25 lgc-tablet-grid-35 lgc-mobile-grid-100 lgc-equal-heights\"><div  class=\"inside-grid-column\"><br \/>\n<img loading=\"lazy\" class=\"wp-image-164988 alignnone\" src=\"https:\/\/2020.internetfestival.it\/wp-content\/uploads\/2020\/09\/logo-450x338.png\" alt=\"\" width=\"247\" height=\"185\" srcset=\"https:\/\/2020.internetfestival.it\/wp-content\/uploads\/2020\/09\/logo-450x338.png 450w, https:\/\/2020.internetfestival.it\/wp-content\/uploads\/2020\/09\/logo-1024x768.png 1024w, https:\/\/2020.internetfestival.it\/wp-content\/uploads\/2020\/09\/logo-768x576.png 768w, https:\/\/2020.internetfestival.it\/wp-content\/uploads\/2020\/09\/logo-500x375.png 500w, https:\/\/2020.internetfestival.it\/wp-content\/uploads\/2020\/09\/logo.png 1266w\" sizes=\"(max-width: 247px) 100vw, 247px\" \/><br \/>\n<\/div><\/div>\n<div  class=\"lgc-column lgc-grid-parent lgc-grid-75 lgc-tablet-grid-65 lgc-mobile-grid-100 lgc-equal-heights\"><div  class=\"inside-grid-column\"><br \/>\n<strong>Atlan66<\/strong><br \/>\nAtlan66 nasce nel marzo del 2000 con l&#8217;obiettivo di integrare creativit\u00e0, professionalit\u00e0 e alta tecnologia per fornire servizi fortemente caratterizzati dalla competenza e dalla qualit\u00e0 nel settore ICT, web, multimediali, della progettazione e del design. Forte del background giuridico dei suoi elementi, grazie all\u2019esperienza pluridecennale del suo staff, Atlan66 si \u00e8 specializzato nel settore dell\u2019informatica giuridica e forense, distinguendosi per la fornitura di servizi mirati verso operatori del diritto, forze dell\u2019ordine e agenzie di investigazione.<br \/>\n<\/div><\/div><div class=\"lgc-clear\"><\/div>\n<div  class=\"lgc-column lgc-grid-parent lgc-grid-25 lgc-tablet-grid-35 lgc-mobile-grid-100 lgc-equal-heights\"><div  class=\"inside-grid-column\"><br \/>\n<img loading=\"lazy\" class=\"alignnone wp-image-164987\" src=\"https:\/\/2020.internetfestival.it\/wp-content\/uploads\/2020\/09\/tai_logo_standard_CMYK-450x338.png\" alt=\"\" width=\"222\" height=\"167\" srcset=\"https:\/\/2020.internetfestival.it\/wp-content\/uploads\/2020\/09\/tai_logo_standard_CMYK-450x338.png 450w, https:\/\/2020.internetfestival.it\/wp-content\/uploads\/2020\/09\/tai_logo_standard_CMYK-1024x768.png 1024w, https:\/\/2020.internetfestival.it\/wp-content\/uploads\/2020\/09\/tai_logo_standard_CMYK-768x576.png 768w, https:\/\/2020.internetfestival.it\/wp-content\/uploads\/2020\/09\/tai_logo_standard_CMYK-500x375.png 500w, https:\/\/2020.internetfestival.it\/wp-content\/uploads\/2020\/09\/tai_logo_standard_CMYK.png 1149w\" sizes=\"(max-width: 222px) 100vw, 222px\" \/><br \/>\n<\/div><\/div>\n<div  class=\"lgc-column lgc-grid-parent lgc-grid-75 lgc-tablet-grid-65 lgc-mobile-grid-100 lgc-equal-heights\"><div  class=\"inside-grid-column\"><br \/>\n<strong>Tai Solutions<\/strong><br \/>\nDal 1987, anno della nostra fondazione, abbiamo collegato l\u2019informazione digitale e gli utenti in Italia. Prima tramite computer e architetture client server, poi utilizzando applicativi business avanzati, Big Data, Cloud e l\u2019Internet delle cose (IoT). La nostra strategia \u00e8 stata quella di aumentare costantemente il nostro knowhow e le nostre capacit\u00e0 in ambito IT, sostenuti dall\u2019idea di massimizzare il valore dell\u2019informazione digitale aiutando le persone, il nostro business e il suo sviluppo. Il nostro successo nazionale ci ha spinto a promuovere le nostre capacit\u00e0 a livello internazionale. Combiniamo l\u2019approccio al problem solving incentrato sulle persone con i pi\u00f9 alti standard a livello di progettazione ed affidabilit\u00e0 dei servizi e alcuni tra i migliori sistemi di riduzione costi del mercato.<br \/>\n<\/div><\/div><div class=\"lgc-clear\"><\/div>\n<div  class=\"lgc-column lgc-grid-parent lgc-grid-25 lgc-tablet-grid-35 lgc-mobile-grid-100 lgc-equal-heights\"><div  class=\"inside-grid-column\"><br \/>\n<img loading=\"lazy\" class=\"alignnone wp-image-164560\" src=\"https:\/\/2020.internetfestival.it\/wp-content\/uploads\/2020\/09\/logosito_tech_review-1-450x338.png\" alt=\"\" width=\"241\" height=\"181\" srcset=\"https:\/\/2020.internetfestival.it\/wp-content\/uploads\/2020\/09\/logosito_tech_review-1-450x338.png 450w, https:\/\/2020.internetfestival.it\/wp-content\/uploads\/2020\/09\/logosito_tech_review-1-1024x768.png 1024w, https:\/\/2020.internetfestival.it\/wp-content\/uploads\/2020\/09\/logosito_tech_review-1-768x576.png 768w, https:\/\/2020.internetfestival.it\/wp-content\/uploads\/2020\/09\/logosito_tech_review-1-1536x1152.png 1536w, https:\/\/2020.internetfestival.it\/wp-content\/uploads\/2020\/09\/logosito_tech_review-1-500x375.png 500w, https:\/\/2020.internetfestival.it\/wp-content\/uploads\/2020\/09\/logosito_tech_review-1.png 2000w\" sizes=\"(max-width: 241px) 100vw, 241px\" \/><br \/>\n<\/div><\/div>\n<div  class=\"lgc-column lgc-grid-parent lgc-grid-75 lgc-tablet-grid-65 lgc-mobile-grid-100 lgc-equal-heights\"><div  class=\"inside-grid-column\"><br \/>\n<strong>TECH JOBS FAIR<\/strong><br \/>\nTECH JOBS fair \u00e8 la nuova occasione di incontro tra aziende TECH e chi gi\u00e0 lavora o vuole lavorare nell\u2019ambito hi-tech e IT. Grazie ad una fitta serie di keynote i partecipanti ascoltano dalla viva voce dei loro possibili futuri colleghi cosa si fa e come si lavora nelle varie aziende. Completano la giornata interventi formativi sulle tematiche TECH pi\u00f9 calde del momento.<br \/>\n<\/div><\/div><div class=\"lgc-clear\"><\/div>\n<div  class=\"lgc-column lgc-grid-parent lgc-grid-100 lgc-tablet-grid-100 lgc-mobile-grid-100 lgc-equal-heights\"><div  class=\"inside-grid-column\">\n<h1 align=\"left\">PARTNER TECNICI<\/h1>\n<p><\/p><\/div><\/div><div class=\"lgc-clear\"><\/div>\n<div  class=\"lgc-column lgc-grid-parent lgc-grid-100 lgc-tablet-grid-100 lgc-mobile-grid-100 lgc-equal-heights\"><div  class=\"inside-grid-column\"><img loading=\"lazy\" class=\"wp-image-164442 aligncenter\" src=\"https:\/\/2020.internetfestival.it\/wp-content\/uploads\/2020\/09\/logosito_devitalia_review-450x337.png\" alt=\"\" width=\"198\" height=\"148\" srcset=\"https:\/\/2020.internetfestival.it\/wp-content\/uploads\/2020\/09\/logosito_devitalia_review-450x337.png 450w, https:\/\/2020.internetfestival.it\/wp-content\/uploads\/2020\/09\/logosito_devitalia_review-500x375.png 500w, https:\/\/2020.internetfestival.it\/wp-content\/uploads\/2020\/09\/logosito_devitalia_review.png 567w\" sizes=\"(max-width: 198px) 100vw, 198px\" \/><br \/>\n<\/div><\/div><div class=\"lgc-clear\"><\/div>\n<div  class=\"lgc-column lgc-grid-parent lgc-grid-100 lgc-tablet-grid-100 lgc-mobile-grid-100 lgc-equal-heights\"><div  class=\"inside-grid-column\">\n<h1 align=\"left\">CHARITY &amp; GREEN PARTNER<\/h1>\n<p><\/p><\/div><\/div><div class=\"lgc-clear\"><\/div>\n<div  class=\"lgc-column lgc-grid-parent lgc-grid-50 lgc-tablet-grid-50 lgc-mobile-grid-50 lgc-equal-heights\"><div  class=\"inside-grid-column\"><br \/>\n<img loading=\"lazy\" class=\"wp-image-164425 aligncenter\" src=\"https:\/\/2020.internetfestival.it\/wp-content\/uploads\/2020\/09\/logosito_emerg_review-450x338.jpg\" alt=\"\" width=\"200\" height=\"150\" srcset=\"https:\/\/2020.internetfestival.it\/wp-content\/uploads\/2020\/09\/logosito_emerg_review-450x338.jpg 450w, https:\/\/2020.internetfestival.it\/wp-content\/uploads\/2020\/09\/logosito_emerg_review-1024x768.jpg 1024w, https:\/\/2020.internetfestival.it\/wp-content\/uploads\/2020\/09\/logosito_emerg_review-768x576.jpg 768w, https:\/\/2020.internetfestival.it\/wp-content\/uploads\/2020\/09\/logosito_emerg_review-1536x1152.jpg 1536w, https:\/\/2020.internetfestival.it\/wp-content\/uploads\/2020\/09\/logosito_emerg_review-500x375.jpg 500w, https:\/\/2020.internetfestival.it\/wp-content\/uploads\/2020\/09\/logosito_emerg_review.jpg 2000w\" sizes=\"(max-width: 200px) 100vw, 200px\" \/><br \/>\n<\/div><\/div>\n<div  class=\"lgc-column lgc-grid-parent lgc-grid-50 lgc-tablet-grid-50 lgc-mobile-grid-50 lgc-equal-heights\"><div  class=\"inside-grid-column\"><br \/>\n<img loading=\"lazy\" class=\"wp-image-164437 aligncenter\" src=\"https:\/\/2020.internetfestival.it\/wp-content\/uploads\/2020\/09\/logosito_LegaAmb_Review-450x338.jpeg\" alt=\"\" width=\"200\" height=\"150\" srcset=\"https:\/\/2020.internetfestival.it\/wp-content\/uploads\/2020\/09\/logosito_LegaAmb_Review-450x338.jpeg 450w, https:\/\/2020.internetfestival.it\/wp-content\/uploads\/2020\/09\/logosito_LegaAmb_Review.jpeg 500w\" sizes=\"(max-width: 200px) 100vw, 200px\" \/><br \/>\n<\/div><\/div><div class=\"lgc-clear\"><\/div>\n<div  class=\"lgc-column lgc-grid-parent lgc-grid-100 lgc-tablet-grid-100 lgc-mobile-grid-100 lgc-equal-heights\"><div  class=\"inside-grid-column\">\n<h2 align=\"left\">CON LA PARTECIPAZIONE DI<\/h2>\n<p><\/p><\/div><\/div><div class=\"lgc-clear\"><\/div>\n<div  class=\"lgc-column lgc-grid-parent lgc-grid-100 lgc-tablet-grid-100 lgc-mobile-grid-100 lgc-equal-heights\"><div  class=\"inside-grid-column\"><br \/>\n<a href=\"https:\/\/www.arsenalecinema.com\/\" target=\"_blank\" rel=\"noopener noreferrer\">Cineclub Arsenale<\/a> | <a href=\"https:\/\/www.confcommercio.it\/\" target=\"_blank\" rel=\"noopener noreferrer\">Confcommercio<\/a> | <a href=\"http:\/\/www.federalberghi.it\/\" target=\"_blank\" rel=\"noopener noreferrer\">Federalberghi<\/a> | <a href=\"https:\/\/www.confesercenti.it\/\" target=\"_blank\" rel=\"noopener noreferrer\">Confesercenti<\/a> | <a href=\"https:\/\/www.royalvictoria.it\/\" target=\"_blank\" rel=\"noopener noreferrer\">Royal Victoria Hotel<\/a> | <a href=\"https:\/\/www.facebook.com\/start.oye2017\/\" target=\"_blank\" rel=\"noopener noreferrer\">stART -Open your eyes<\/a><br \/>\n<\/div><\/div><div class=\"lgc-clear\"><\/div>","protected":false},"excerpt":{"rendered":"","protected":false},"author":6,"featured_media":164941,"parent":0,"menu_order":0,"comment_status":"closed","ping_status":"closed","template":"","meta":[],"yoast_head":"<!-- This site is optimized with the Yoast SEO plugin v15.7 - https:\/\/yoast.com\/wordpress\/plugins\/seo\/ -->\n<title>Partner - IF2020<\/title>\n<meta name=\"robots\" content=\"index, follow, max-snippet:-1, max-image-preview:large, max-video-preview:-1\" \/>\n<link rel=\"canonical\" href=\"https:\/\/2020.internetfestival.it\/en\/partner\/\" \/>\n<meta property=\"og:locale\" content=\"en_US\" \/>\n<meta property=\"og:type\" content=\"article\" \/>\n<meta property=\"og:title\" content=\"Partner - IF2020\" \/>\n<meta property=\"og:url\" content=\"https:\/\/2020.internetfestival.it\/en\/partner\/\" \/>\n<meta property=\"og:site_name\" content=\"IF2020\" \/>\n<meta property=\"article:modified_time\" content=\"2020-09-18T23:14:30+00:00\" \/>\n<meta property=\"og:image\" content=\"https:\/\/2020.internetfestival.it\/wp-content\/uploads\/2020\/09\/IF20.png\" \/>\n\t<meta property=\"og:image:width\" content=\"1200\" \/>\n\t<meta property=\"og:image:height\" content=\"900\" \/>\n<meta name=\"twitter:card\" content=\"summary_large_image\" \/>\n<meta name=\"twitter:label1\" content=\"Est. reading time\">\n\t<meta name=\"twitter:data1\" content=\"4 minutes\">\n<script type=\"application\/ld+json\" class=\"yoast-schema-graph\">{\"@context\":\"https:\/\/schema.org\",\"@graph\":[{\"@type\":\"WebSite\",\"@id\":\"https:\/\/2020.internetfestival.it\/#website\",\"url\":\"https:\/\/2020.internetfestival.it\/\",\"name\":\"IF2020\",\"description\":\"Forme di Futuro\",\"potentialAction\":[{\"@type\":\"SearchAction\",\"target\":\"https:\/\/2020.internetfestival.it\/?s={search_term_string}\",\"query-input\":\"required name=search_term_string\"}],\"inLanguage\":\"en-US\"},{\"@type\":\"ImageObject\",\"@id\":\"https:\/\/2020.internetfestival.it\/partner\/#primaryimage\",\"inLanguage\":\"en-US\",\"url\":\"https:\/\/2020.internetfestival.it\/wp-content\/uploads\/2020\/09\/IF20.png\",\"width\":1200,\"height\":900},{\"@type\":\"WebPage\",\"@id\":\"https:\/\/2020.internetfestival.it\/partner\/#webpage\",\"url\":\"https:\/\/2020.internetfestival.it\/partner\/\",\"name\":\"Partner - IF2020\",\"isPartOf\":{\"@id\":\"https:\/\/2020.internetfestival.it\/#website\"},\"primaryImageOfPage\":{\"@id\":\"https:\/\/2020.internetfestival.it\/partner\/#primaryimage\"},\"datePublished\":\"2020-09-06T20:34:48+00:00\",\"dateModified\":\"2020-09-18T23:14:30+00:00\",\"inLanguage\":\"en-US\",\"potentialAction\":[{\"@type\":\"ReadAction\",\"target\":[\"https:\/\/2020.internetfestival.it\/partner\/\"]}]}]}<\/script>\n<!-- \/ Yoast SEO plugin. -->","_links":{"self":[{"href":"https:\/\/2020.internetfestival.it\/en\/wp-json\/wp\/v2\/pages\/164449"}],"collection":[{"href":"https:\/\/2020.internetfestival.it\/en\/wp-json\/wp\/v2\/pages"}],"about":[{"href":"https:\/\/2020.internetfestival.it\/en\/wp-json\/wp\/v2\/types\/page"}],"author":[{"embeddable":true,"href":"https:\/\/2020.internetfestival.it\/en\/wp-json\/wp\/v2\/users\/6"}],"replies":[{"embeddable":true,"href":"https:\/\/2020.internetfestival.it\/en\/wp-json\/wp\/v2\/comments?post=164449"}],"version-history":[{"count":122,"href":"https:\/\/2020.internetfestival.it\/en\/wp-json\/wp\/v2\/pages\/164449\/revisions"}],"predecessor-version":[{"id":165531,"href":"https:\/\/2020.internetfestival.it\/en\/wp-json\/wp\/v2\/pages\/164449\/revisions\/165531"}],"wp:featuredmedia":[{"embeddable":true,"href":"https:\/\/2020.internetfestival.it\/en\/wp-json\/wp\/v2\/media\/164941"}],"wp:attachment":[{"href":"https:\/\/2020.internetfestival.it\/en\/wp-json\/wp\/v2\/media?parent=164449"}],"curies":[{"name":"wp","href":"https:\/\/api.w.org\/{rel}","templated":true}]}}